{"id":21,"date":"2020-10-03T21:38:11","date_gmt":"2020-10-03T21:38:11","guid":{"rendered":"https:\/\/www.nrb-bionics.de\/?page_id=21"},"modified":"2020-10-03T21:38:11","modified_gmt":"2020-10-03T21:38:11","slug":"ueber-uns","status":"publish","type":"page","link":"https:\/\/www.nrb-bionics.de\/index.php\/ueber-uns\/","title":{"rendered":"\u00dcber uns"},"content":{"rendered":"\n<p>M\u00f6glicherweise bist du k\u00fcnstlerisch t\u00e4tig und m\u00f6chtest dich und deine Arbeiten hier vorstellen. Oder hast du vielleicht ein Business mit einer Mission, die es zu beschreiben gilt?<\/p>\n","protected":false},"excerpt":{"rendered":"<p>M\u00f6glicherweise bist du k\u00fcnstlerisch t\u00e4tig und m\u00f6chtest dich und deine Arbeiten hier vorstellen. Oder hast du vielleicht ein Business mit einer Mission, die es zu beschreiben gilt?<\/p>\n","protected":false},"author":1,"featured_media":18,"parent":0,"menu_order":0,"comment_status":"closed","ping_status":"closed","template":"","meta":{"footnotes":""},"class_list":["post-21","page","type-page","status-publish","has-post-thumbnail","hentry"],"yoast_head":"<!-- This site is optimized with the Yoast SEO plugin v27.5 - https:\/\/yoast.com\/product\/yoast-seo-wordpress\/ -->\n<title>\u00dcber uns - NRB-Bionics<\/title>\n<meta name=\"robots\" content=\"index, follow, max-snippet:-1, max-image-preview:large, max-video-preview:-1\" \/>\n<link rel=\"canonical\" href=\"https:\/\/www.nrb-bionics.de\/index.php\/ueber-uns\/\" \/>\n<meta property=\"og:locale\" content=\"de_DE\" \/>\n<meta property=\"og:type\" content=\"article\" \/>\n<meta property=\"og:title\" content=\"\u00dcber uns - NRB-Bionics\" \/>\n<meta property=\"og:description\" content=\"M\u00f6glicherweise bist du k\u00fcnstlerisch t\u00e4tig und m\u00f6chtest dich und deine Arbeiten hier vorstellen. Oder hast du vielleicht ein Business mit einer Mission, die es zu beschreiben gilt?\" \/>\n<meta property=\"og:url\" content=\"https:\/\/www.nrb-bionics.de\/index.php\/ueber-uns\/\" \/>\n<meta property=\"og:site_name\" content=\"NRB-Bionics\" \/>\n<meta property=\"og:image\" content=\"https:\/\/www.nrb-bionics.de\/wp-content\/uploads\/2020\/10\/sandwich-1.jpg\" \/>\n\t<meta property=\"og:image:width\" content=\"2000\" \/>\n\t<meta property=\"og:image:height\" content=\"1200\" \/>\n\t<meta property=\"og:image:type\" content=\"image\/jpeg\" \/>\n<meta name=\"twitter:card\" content=\"summary_large_image\" \/>\n<script type=\"application\/ld+json\" class=\"yoast-schema-graph\">{\"@context\":\"https:\\\/\\\/schema.org\",\"@graph\":[{\"@type\":\"WebPage\",\"@id\":\"https:\\\/\\\/www.nrb-bionics.de\\\/index.php\\\/ueber-uns\\\/\",\"url\":\"https:\\\/\\\/www.nrb-bionics.de\\\/index.php\\\/ueber-uns\\\/\",\"name\":\"\u00dcber uns - NRB-Bionics\",\"isPartOf\":{\"@id\":\"https:\\\/\\\/www.nrb-bionics.de\\\/#website\"},\"primaryImageOfPage\":{\"@id\":\"https:\\\/\\\/www.nrb-bionics.de\\\/index.php\\\/ueber-uns\\\/#primaryimage\"},\"image\":{\"@id\":\"https:\\\/\\\/www.nrb-bionics.de\\\/index.php\\\/ueber-uns\\\/#primaryimage\"},\"thumbnailUrl\":\"https:\\\/\\\/i0.wp.com\\\/www.nrb-bionics.de\\\/wp-content\\\/uploads\\\/2020\\\/10\\\/sandwich-1.jpg?fit=2000%2C1200&ssl=1\",\"datePublished\":\"2020-10-03T21:38:11+00:00\",\"breadcrumb\":{\"@id\":\"https:\\\/\\\/www.nrb-bionics.de\\\/index.php\\\/ueber-uns\\\/#breadcrumb\"},\"inLanguage\":\"de\",\"potentialAction\":[{\"@type\":\"ReadAction\",\"target\":[\"https:\\\/\\\/www.nrb-bionics.de\\\/index.php\\\/ueber-uns\\\/\"]}]},{\"@type\":\"ImageObject\",\"inLanguage\":\"de\",\"@id\":\"https:\\\/\\\/www.nrb-bionics.de\\\/index.php\\\/ueber-uns\\\/#primaryimage\",\"url\":\"https:\\\/\\\/i0.wp.com\\\/www.nrb-bionics.de\\\/wp-content\\\/uploads\\\/2020\\\/10\\\/sandwich-1.jpg?fit=2000%2C1200&ssl=1\",\"contentUrl\":\"https:\\\/\\\/i0.wp.com\\\/www.nrb-bionics.de\\\/wp-content\\\/uploads\\\/2020\\\/10\\\/sandwich-1.jpg?fit=2000%2C1200&ssl=1\",\"width\":2000,\"height\":1200},{\"@type\":\"BreadcrumbList\",\"@id\":\"https:\\\/\\\/www.nrb-bionics.de\\\/index.php\\\/ueber-uns\\\/#breadcrumb\",\"itemListElement\":[{\"@type\":\"ListItem\",\"position\":1,\"name\":\"Home\",\"item\":\"https:\\\/\\\/www.nrb-bionics.de\\\/\"},{\"@type\":\"ListItem\",\"position\":2,\"name\":\"\u00dcber uns\"}]},{\"@type\":\"WebSite\",\"@id\":\"https:\\\/\\\/www.nrb-bionics.de\\\/#website\",\"url\":\"https:\\\/\\\/www.nrb-bionics.de\\\/\",\"name\":\"NRB-Bionics\",\"description\":\"Robotik der Zukunft \",\"publisher\":{\"@id\":\"https:\\\/\\\/www.nrb-bionics.de\\\/#organization\"},\"potentialAction\":[{\"@type\":\"SearchAction\",\"target\":{\"@type\":\"EntryPoint\",\"urlTemplate\":\"https:\\\/\\\/www.nrb-bionics.de\\\/?s={search_term_string}\"},\"query-input\":{\"@type\":\"PropertyValueSpecification\",\"valueRequired\":true,\"valueName\":\"search_term_string\"}}],\"inLanguage\":\"de\"},{\"@type\":\"Organization\",\"@id\":\"https:\\\/\\\/www.nrb-bionics.de\\\/#organization\",\"name\":\"NRB-Bionics\",\"url\":\"https:\\\/\\\/www.nrb-bionics.de\\\/\",\"logo\":{\"@type\":\"ImageObject\",\"inLanguage\":\"de\",\"@id\":\"https:\\\/\\\/www.nrb-bionics.de\\\/#\\\/schema\\\/logo\\\/image\\\/\",\"url\":\"https:\\\/\\\/i0.wp.com\\\/www.nrb-bionics.de\\\/wp-content\\\/uploads\\\/2022\\\/09\\\/cropped-Bionics-2.png?fit=177%2C250&ssl=1\",\"contentUrl\":\"https:\\\/\\\/i0.wp.com\\\/www.nrb-bionics.de\\\/wp-content\\\/uploads\\\/2022\\\/09\\\/cropped-Bionics-2.png?fit=177%2C250&ssl=1\",\"width\":177,\"height\":250,\"caption\":\"NRB-Bionics\"},\"image\":{\"@id\":\"https:\\\/\\\/www.nrb-bionics.de\\\/#\\\/schema\\\/logo\\\/image\\\/\"}}]}<\/script>\n<!-- \/ Yoast SEO plugin. -->","yoast_head_json":{"title":"\u00dcber uns - NRB-Bionics","robots":{"index":"index","follow":"follow","max-snippet":"max-snippet:-1","max-image-preview":"max-image-preview:large","max-video-preview":"max-video-preview:-1"},"canonical":"https:\/\/www.nrb-bionics.de\/index.php\/ueber-uns\/","og_locale":"de_DE","og_type":"article","og_title":"\u00dcber uns - NRB-Bionics","og_description":"M\u00f6glicherweise bist du k\u00fcnstlerisch t\u00e4tig und m\u00f6chtest dich und deine Arbeiten hier vorstellen. Oder hast du vielleicht ein Business mit einer Mission, die es zu beschreiben gilt?","og_url":"https:\/\/www.nrb-bionics.de\/index.php\/ueber-uns\/","og_site_name":"NRB-Bionics","og_image":[{"width":2000,"height":1200,"url":"https:\/\/www.nrb-bionics.de\/wp-content\/uploads\/2020\/10\/sandwich-1.jpg","type":"image\/jpeg"}],"twitter_card":"summary_large_image","schema":{"@context":"https:\/\/schema.org","@graph":[{"@type":"WebPage","@id":"https:\/\/www.nrb-bionics.de\/index.php\/ueber-uns\/","url":"https:\/\/www.nrb-bionics.de\/index.php\/ueber-uns\/","name":"\u00dcber uns - NRB-Bionics","isPartOf":{"@id":"https:\/\/www.nrb-bionics.de\/#website"},"primaryImageOfPage":{"@id":"https:\/\/www.nrb-bionics.de\/index.php\/ueber-uns\/#primaryimage"},"image":{"@id":"https:\/\/www.nrb-bionics.de\/index.php\/ueber-uns\/#primaryimage"},"thumbnailUrl":"https:\/\/i0.wp.com\/www.nrb-bionics.de\/wp-content\/uploads\/2020\/10\/sandwich-1.jpg?fit=2000%2C1200&ssl=1","datePublished":"2020-10-03T21:38:11+00:00","breadcrumb":{"@id":"https:\/\/www.nrb-bionics.de\/index.php\/ueber-uns\/#breadcrumb"},"inLanguage":"de","potentialAction":[{"@type":"ReadAction","target":["https:\/\/www.nrb-bionics.de\/index.php\/ueber-uns\/"]}]},{"@type":"ImageObject","inLanguage":"de","@id":"https:\/\/www.nrb-bionics.de\/index.php\/ueber-uns\/#primaryimage","url":"https:\/\/i0.wp.com\/www.nrb-bionics.de\/wp-content\/uploads\/2020\/10\/sandwich-1.jpg?fit=2000%2C1200&ssl=1","contentUrl":"https:\/\/i0.wp.com\/www.nrb-bionics.de\/wp-content\/uploads\/2020\/10\/sandwich-1.jpg?fit=2000%2C1200&ssl=1","width":2000,"height":1200},{"@type":"BreadcrumbList","@id":"https:\/\/www.nrb-bionics.de\/index.php\/ueber-uns\/#breadcrumb","itemListElement":[{"@type":"ListItem","position":1,"name":"Home","item":"https:\/\/www.nrb-bionics.de\/"},{"@type":"ListItem","position":2,"name":"\u00dcber uns"}]},{"@type":"WebSite","@id":"https:\/\/www.nrb-bionics.de\/#website","url":"https:\/\/www.nrb-bionics.de\/","name":"NRB-Bionics","description":"Robotik der Zukunft ","publisher":{"@id":"https:\/\/www.nrb-bionics.de\/#organization"},"potentialAction":[{"@type":"SearchAction","target":{"@type":"EntryPoint","urlTemplate":"https:\/\/www.nrb-bionics.de\/?s={search_term_string}"},"query-input":{"@type":"PropertyValueSpecification","valueRequired":true,"valueName":"search_term_string"}}],"inLanguage":"de"},{"@type":"Organization","@id":"https:\/\/www.nrb-bionics.de\/#organization","name":"NRB-Bionics","url":"https:\/\/www.nrb-bionics.de\/","logo":{"@type":"ImageObject","inLanguage":"de","@id":"https:\/\/www.nrb-bionics.de\/#\/schema\/logo\/image\/","url":"https:\/\/i0.wp.com\/www.nrb-bionics.de\/wp-content\/uploads\/2022\/09\/cropped-Bionics-2.png?fit=177%2C250&ssl=1","contentUrl":"https:\/\/i0.wp.com\/www.nrb-bionics.de\/wp-content\/uploads\/2022\/09\/cropped-Bionics-2.png?fit=177%2C250&ssl=1","width":177,"height":250,"caption":"NRB-Bionics"},"image":{"@id":"https:\/\/www.nrb-bionics.de\/#\/schema\/logo\/image\/"}}]}},"jetpack-related-posts":[],"jetpack_sharing_enabled":true,"_links":{"self":[{"href":"https:\/\/www.nrb-bionics.de\/index.php\/wp-json\/wp\/v2\/pages\/21","targetHints":{"allow":["GET"]}}],"collection":[{"href":"https:\/\/www.nrb-bionics.de\/index.php\/wp-json\/wp\/v2\/pages"}],"about":[{"href":"https:\/\/www.nrb-bionics.de\/index.php\/wp-json\/wp\/v2\/types\/page"}],"author":[{"embeddable":true,"href":"https:\/\/www.nrb-bionics.de\/index.php\/wp-json\/wp\/v2\/users\/1"}],"replies":[{"embeddable":true,"href":"https:\/\/www.nrb-bionics.de\/index.php\/wp-json\/wp\/v2\/comments?post=21"}],"version-history":[{"count":1,"href":"https:\/\/www.nrb-bionics.de\/index.php\/wp-json\/wp\/v2\/pages\/21\/revisions"}],"predecessor-version":[{"id":39,"href":"https:\/\/www.nrb-bionics.de\/index.php\/wp-json\/wp\/v2\/pages\/21\/revisions\/39"}],"wp:featuredmedia":[{"embeddable":true,"href":"https:\/\/www.nrb-bionics.de\/index.php\/wp-json\/wp\/v2\/media\/18"}],"wp:attachment":[{"href":"https:\/\/www.nrb-bionics.de\/index.php\/wp-json\/wp\/v2\/media?parent=21"}],"curies":[{"name":"wp","href":"https:\/\/api.w.org\/{rel}","templated":true}]}}